{"id":2549,"date":"2021-06-13T16:07:36","date_gmt":"2021-06-13T09:07:36","guid":{"rendered":"https:\/\/atplink.com\/blog\/?page_id=2549"},"modified":"2021-06-16T22:48:24","modified_gmt":"2021-06-16T15:48:24","slug":"ve-chung-toi","status":"publish","type":"page","link":"https:\/\/atplink.com\/blog\/ve-chung-toi\/","title":{"rendered":"Gi\u1edbi thi\u1ec7u v\u1ec1 ATP Link \u2013 N\u1ec1n t\u1ea3ng t\u1ea1o BIO Link mi\u1ec5n ph\u00ed"},"content":{"rendered":"\t\t<div data-elementor-type=\"wp-page\" data-elementor-id=\"2549\" class=\"elementor elementor-2549\" data-elementor-settings=\"[]\">\n\t\t\t\t\t\t\t<div class=\"elementor-section-wrap\">\n\t\t\t\t\t\t\t<section class=\"elementor-section elementor-top-section elementor-element elementor-element-23bb2eab elementor-section-boxed elementor-section-height-default elementor-section-height-default\" data-id=\"23bb2eab\" data-element_type=\"section\">\n\t\t\t\t\t\t<div class=\"elementor-container elementor-column-gap-default\">\n\t\t\t\t\t<div class=\"elementor-column elementor-col-100 elementor-top-column elementor-element elementor-element-42461711\" data-id=\"42461711\" data-element_type=\"column\">\n\t\t\t<div class=\"elementor-widget-wrap elementor-element-populated\">\n\t\t\t\t\t\t\t\t<div class=\"elementor-element elementor-element-01befd6 elementor-widget elementor-widget-text-editor\" data-id=\"01befd6\" data-element_type=\"widget\" data-widget_type=\"text-editor.default\">\n\t\t\t\t<div class=\"elementor-widget-container\">\n\t\t\t\t\t\t\t<p>ATP Link l\u00e0 m\u1ed9t trong nh\u1eefng c\u00f4ng c\u1ee5 gi\u00fap ti\u1ebfp c\u1eadn kh\u00e1ch h\u00e0ng ti\u1ec1m n\u0103ng m\u1ed9t c\u00e1ch chuy\u00ean nghi\u1ec7p. N\u1eafm b\u1eaft \u0111\u01b0\u1ee3c xu h\u01b0\u1edbng qu\u1ea3ng c\u00e1o chuy\u1ec3n \u0111\u1ed5i th\u00f4ng qua BIO Link, ATP Link ra \u0111\u1eddi v\u1edbi m\u1ee5c \u0111\u00edch \u0111em l\u1ea1i gi\u1ea3i ph\u00e1p gi\u00fap b\u1ea5t k\u1ef3 ai c\u0169ng c\u00f3 th\u1ec3 s\u1edf h\u1eefu ngay cho m\u00ecnh c\u00e1c BIO Link mi\u1ec5n ph\u00ed v\u00e0 ch\u1ea5t l\u01b0\u1ee3ng nh\u1ea5t.<\/p>\t\t\t\t\t\t<\/div>\n\t\t\t\t<\/div>\n\t\t\t\t<div class=\"elementor-element elementor-element-c876d68 elementor-widget elementor-widget-heading\" data-id=\"c876d68\" data-element_type=\"widget\" data-widget_type=\"heading.default\">\n\t\t\t\t<div class=\"elementor-widget-container\">\n\t\t\t<h2 class=\"elementor-heading-title elementor-size-default\">I- ATP LINK l\u00e0 g\u00ec?<\/h2>\t\t<\/div>\n\t\t\t\t<\/div>\n\t\t\t\t<div class=\"elementor-element elementor-element-316d4b6 elementor-widget elementor-widget-text-editor\" data-id=\"316d4b6\" data-element_type=\"widget\" data-widget_type=\"text-editor.default\">\n\t\t\t\t<div class=\"elementor-widget-container\">\n\t\t\t\t\t\t\t<ul><li>ATP Link l\u00e0 N\u1ec1n t\u1ea3ng thi\u1ebft k\u1ebf BIO Link mi\u1ec5n ph\u00ed chuy\u00ean nghi\u1ec7p \u0111\u01b0\u1ee3c \u0111\u1ed9i ng\u0169 ATP Holdings x\u00e2y d\u1ef1ng v\u00e0 ph\u00e1t tri\u1ec3n v\u1edbi mong mu\u1ed1n \u0111em l\u1ea1i nh\u1eefng ti\u1ec7n \u00edch v\u00e0 gi\u1ea3i ph\u00e1p t\u1ed1t nh\u1ea5t cho c\u00e1c kh\u00e1ch h\u00e0ng kinh doanh tr\u00ean m\u00f4i tr\u01b0\u1eddng s\u1ed1.<\/li><li>V\u1edbi c\u00e1c t\u00ednh n\u0103ng hi\u1ec7n \u0111\u1ea1i v\u00e0 n\u1ec1n t\u1ea3ng m\u1ea1nh m\u1ebd, ATP Link tin r\u1eb1ng s\u1ebd gi\u00fap cho qu\u00fd kh\u00e1ch h\u00e0ng t\u1ea1o n\u00ean nh\u1eefng trang BIO Link mang t\u00ednh chuy\u1ec3n \u0111\u1ed5i t\u1ed1t nh\u1ea5t v\u00e0 th\u00fac \u0111\u1ea9y ph\u00e1t tri\u1ec3n kinh doanh cho kh\u00e1ch h\u00e0ng.<\/li><\/ul>\t\t\t\t\t\t<\/div>\n\t\t\t\t<\/div>\n\t\t\t\t<div class=\"elementor-element elementor-element-5aa5ca4 elementor-widget elementor-widget-heading\" data-id=\"5aa5ca4\" data-element_type=\"widget\" data-widget_type=\"heading.default\">\n\t\t\t\t<div class=\"elementor-widget-container\">\n\t\t\t<h2 class=\"elementor-heading-title elementor-size-default\">II- C\u00e1c t\u00ednh n\u0103ng c\u1ee7a ATP LINK\u00a0<\/h2>\t\t<\/div>\n\t\t\t\t<\/div>\n\t\t\t\t<div class=\"elementor-element elementor-element-0fdac6a elementor-widget elementor-widget-heading\" data-id=\"0fdac6a\" data-element_type=\"widget\" data-widget_type=\"heading.default\">\n\t\t\t\t<div class=\"elementor-widget-container\">\n\t\t\t<h2 class=\"elementor-heading-title elementor-size-default\">1\/ T\u1ea1o Bio Link\u00a0nhanh ch\u00f3ng ch\u1ec9 v\u1edbi v\u00e0i click chu\u1ed9t<\/h2>\t\t<\/div>\n\t\t\t\t<\/div>\n\t\t\t\t<div class=\"elementor-element elementor-element-0c1b7d8 elementor-widget elementor-widget-text-editor\" data-id=\"0c1b7d8\" data-element_type=\"widget\" data-widget_type=\"text-editor.default\">\n\t\t\t\t<div class=\"elementor-widget-container\">\n\t\t\t\t\t\t\t<div class=\"elementor-element elementor-element-34d367d elementor-widget elementor-widget-text-editor\" data-id=\"34d367d\" data-element_type=\"widget\" data-widget_type=\"text-editor.default\"><div class=\"elementor-widget-container\"><div class=\"elementor-text-editor elementor-clearfix\">Kh\u00f4ng y\u00eau c\u1ea7u ph\u1ea3i c\u00f3 ki\u1ebfn th\u1ee9c l\u1eadp tr\u00ecnh hay k\u1ef9 n\u0103ng t\u01b0 duy \u0111\u1ed3 ho\u1ea1, b\u1ea1n v\u1eabn c\u00f3 th\u1ec3 x\u00e2y d\u1ef1ng cho m\u00ecnh 1 trang gi\u1edbi thi\u1ec7u b\u1ea3n th\u00e2n chuy\u00ean nghi\u1ec7p.<\/div><\/div><\/div>\t\t\t\t\t\t<\/div>\n\t\t\t\t<\/div>\n\t\t\t\t<div class=\"elementor-element elementor-element-3fef54a elementor-widget elementor-widget-heading\" data-id=\"3fef54a\" data-element_type=\"widget\" data-widget_type=\"heading.default\">\n\t\t\t\t<div class=\"elementor-widget-container\">\n\t\t\t<h2 class=\"elementor-heading-title elementor-size-default\">2\/ \u0110i\u1ec1u h\u01b0\u1edbng Traffic\u00a0- l\u01b0\u1ee3ng kh\u00e1ch h\u00e0ng truy c\u1eadp<\/h2>\t\t<\/div>\n\t\t\t\t<\/div>\n\t\t\t\t<div class=\"elementor-element elementor-element-c13dc38 elementor-widget elementor-widget-text-editor\" data-id=\"c13dc38\" data-element_type=\"widget\" data-widget_type=\"text-editor.default\">\n\t\t\t\t<div class=\"elementor-widget-container\">\n\t\t\t\t\t\t\t<div class=\"elementor-element elementor-element-34d367d elementor-widget elementor-widget-text-editor\" data-id=\"34d367d\" data-element_type=\"widget\" data-widget_type=\"text-editor.default\"><div class=\"elementor-widget-container\"><div class=\"elementor-text-editor elementor-clearfix\">Giao di\u1ec7n thi\u1ebft k\u1ebf c\u1ee7a ATP Link s\u1ebd gi\u00fap b\u1ea1n \u0111i\u1ec1u h\u01b0\u1edbng h\u00e0nh vi ng\u01b0\u1eddi d\u00f9ng \u0111\u1ebfn c\u00e1c k\u00eanh m\u00e0 b\u1ea1n mu\u1ed1n b\u1eb1ng c\u00e1ch ch\u00e8n li\u00ean k\u1ebft v\u00e0o c\u00e1c n\u00fat b\u1ea5m (button) tr\u00ean bio.<\/div><\/div><\/div><div class=\"elementor-element elementor-element-68ba29f elementor-icon-list--layout-traditional elementor-list-item-link-full_width elementor-widget elementor-widget-icon-list\" data-id=\"68ba29f\" data-element_type=\"widget\" data-widget_type=\"icon-list.default\"><div class=\"elementor-widget-container\"><ul><li><span class=\"elementor-icon-list-text\">Bio link &gt; trang c\u00e1 nh\u00e2n Facebook<\/span><\/li><li><span class=\"elementor-icon-list-text\">Bio link &gt; Messenger Facebook<\/span><\/li><li><span class=\"elementor-icon-list-text\">Bio link &gt; Instagram<\/span><\/li><li><span class=\"elementor-icon-list-text\">Bio link &gt; Youtube<\/span><\/li><li><span class=\"elementor-icon-list-text\">Bio link &gt; Blog website<\/span><\/li><li><span class=\"elementor-icon-list-text\">Bio link &gt; Link ki\u1ebfm ti\u1ec1n Affiliate Marketing<\/span><\/li><\/ul><\/div><\/div>\t\t\t\t\t\t<\/div>\n\t\t\t\t<\/div>\n\t\t\t\t<div class=\"elementor-element elementor-element-d8c84f7 elementor-widget elementor-widget-heading\" data-id=\"d8c84f7\" data-element_type=\"widget\" data-widget_type=\"heading.default\">\n\t\t\t\t<div class=\"elementor-widget-container\">\n\t\t\t<h2 class=\"elementor-heading-title elementor-size-default\">3\/ T\u00ednh n\u0103ng\u00a0bi\u1ec3u \u0111\u1ed3 ph\u00e2n t\u00edch\u00a0Bio Link<\/h2>\t\t<\/div>\n\t\t\t\t<\/div>\n\t\t\t\t<div class=\"elementor-element elementor-element-986bac4 elementor-widget elementor-widget-text-editor\" data-id=\"986bac4\" data-element_type=\"widget\" data-widget_type=\"text-editor.default\">\n\t\t\t\t<div class=\"elementor-widget-container\">\n\t\t\t\t\t\t\t<div class=\"elementor-element elementor-element-34d367d elementor-widget elementor-widget-text-editor\" data-id=\"34d367d\" data-element_type=\"widget\" data-widget_type=\"text-editor.default\"><div class=\"elementor-widget-container\"><div class=\"elementor-text-editor elementor-clearfix\">T\u00ednh n\u0103ng Statistics tr\u00ean h\u1ec7 th\u1ed1ng ATP Link cho ph\u00e9p b\u1ea1n\u00a0\u0111o l\u01b0\u1eddng l\u01b0u l\u01b0\u1ee3ng truy c\u1eadp\u00a0tr\u00ean t\u1eebng li\u00ean k\u1ebft ho\u1eb7c n\u00fat tr\u00ean bio.<\/div><div>Ngo\u00e0i ra v\u1edbi t\u00ednh n\u0103ng n\u00e0y c\u0169ng h\u1ed7 tr\u1ee3 ph\u00e2n t\u00edch t\u1eebng l\u01b0\u1ee3t nh\u1ea5p chu\u1ed9t tr\u00ean t\u1eebng link (li\u00ean k\u1ebft), t\u1eeb \u0111\u00f3 c\u00f3 th\u1ec3 thay \u0111\u1ed5i content \u0111i\u1ec1u h\u01b0\u1edbng kh\u00e1ch h\u00e0ng tr\u00ean Tiktok.<\/div><\/div><\/div>\t\t\t\t\t\t<\/div>\n\t\t\t\t<\/div>\n\t\t\t\t<div class=\"elementor-element elementor-element-a39cab5 elementor-widget elementor-widget-heading\" data-id=\"a39cab5\" data-element_type=\"widget\" data-widget_type=\"heading.default\">\n\t\t\t\t<div class=\"elementor-widget-container\">\n\t\t\t<h2 class=\"elementor-heading-title elementor-size-default\">4\/ Tu\u1ef3 bi\u1ebfn giao di\u1ec7n<\/h2>\t\t<\/div>\n\t\t\t\t<\/div>\n\t\t\t\t<div class=\"elementor-element elementor-element-2ee7bdc elementor-widget elementor-widget-text-editor\" data-id=\"2ee7bdc\" data-element_type=\"widget\" data-widget_type=\"text-editor.default\">\n\t\t\t\t<div class=\"elementor-widget-container\">\n\t\t\t\t\t\t\t<div class=\"elementor-element elementor-element-34d367d elementor-widget elementor-widget-text-editor\" data-id=\"34d367d\" data-element_type=\"widget\" data-widget_type=\"text-editor.default\"><div class=\"elementor-widget-container\"><div class=\"elementor-text-editor elementor-clearfix\">T\u00ednh n\u0103ng k\u00e9o th\u1ea3 tr\u00ean ATP Link cho ph\u00e9p b\u1ea1n \u0111i\u1ec1u ch\u1ec9nh c\u00e1c n\u1ed9i dung tr\u00ean bio d\u1ec5 d\u00e0ng.<\/div><\/div><\/div>\t\t\t\t\t\t<\/div>\n\t\t\t\t<\/div>\n\t\t\t\t<div class=\"elementor-element elementor-element-26a7dc2 elementor-widget elementor-widget-text-editor\" data-id=\"26a7dc2\" data-element_type=\"widget\" data-widget_type=\"text-editor.default\">\n\t\t\t\t<div class=\"elementor-widget-container\">\n\t\t\t\t\t\t\t<div class=\"elementor-element elementor-element-34d367d elementor-widget elementor-widget-text-editor\" data-id=\"34d367d\" data-element_type=\"widget\" data-widget_type=\"text-editor.default\"><div class=\"elementor-widget-container\"><div class=\"elementor-text-editor elementor-clearfix\">K\u1ebft h\u1ee3p v\u1edbi t\u00ednh n\u0103ng Statistics ph\u00e2n t\u00edch nh\u1eefng link c\u00f3 l\u01b0\u1ee3ng ng\u01b0\u1eddi d\u00f9ng click nhi\u1ec1u s\u1ebd \u0111\u01b0\u1ee3c \u01b0u ti\u00ean hi\u1ec3n th\u1ecb l\u00ean \u0111\u1ea7u trang b\u1eb1ng thao t\u00e1c k\u00e9o th\u1ea3.<\/div><\/div><\/div>\t\t\t\t\t\t<\/div>\n\t\t\t\t<\/div>\n\t\t\t\t<div class=\"elementor-element elementor-element-a2882a1 elementor-widget elementor-widget-heading\" data-id=\"a2882a1\" data-element_type=\"widget\" data-widget_type=\"heading.default\">\n\t\t\t\t<div class=\"elementor-widget-container\">\n\t\t\t<h2 class=\"elementor-heading-title elementor-size-default\">III- \u01afu \u0110i\u1ec3m C\u1ee7a ATP Link So V\u1edbi C\u00e1c Gi\u1ea3i Ph\u00e1p Kh\u00e1c Tr\u00ean Th\u1ecb Tr\u01b0\u1eddng<\/h2>\t\t<\/div>\n\t\t\t\t<\/div>\n\t\t\t\t<div class=\"elementor-element elementor-element-288cf6c elementor-widget elementor-widget-text-editor\" data-id=\"288cf6c\" data-element_type=\"widget\" data-widget_type=\"text-editor.default\">\n\t\t\t\t<div class=\"elementor-widget-container\">\n\t\t\t\t\t\t\t<div class=\"elementor-element elementor-element-34d367d elementor-widget elementor-widget-text-editor\" data-id=\"34d367d\" data-element_type=\"widget\" data-widget_type=\"text-editor.default\"><div class=\"elementor-widget-container\"><div class=\"elementor-text-editor elementor-clearfix\"><span class=\"elementor-heading-title elementor-size-default\">V\u1edbi c\u00e1c ch\u1ee9c n\u0103ng MI\u1ec4N PH\u00cd t\u1ea1i ATP Link, b\u1ea1n s\u1ebd ph\u1ea3i tr\u1ea3 1 m\u1ee9c ph\u00ed t\u1eeb\u00a0<b>15-20$\/ th\u00e1ng<\/b>\u00a0cho c\u00e1c gi\u1ea3i ph\u00e1p kh\u00e1c \u0111\u1ec3 \u0111\u01b0\u1ee3c s\u1eed d\u1ee5ng nh\u1eefng ch\u1ee9c n\u0103ng n\u00e0y.<\/span><\/div><\/div><\/div>\t\t\t\t\t\t<\/div>\n\t\t\t\t<\/div>\n\t\t\t\t<div class=\"elementor-element elementor-element-2dd37f3 elementor-widget elementor-widget-text-editor\" data-id=\"2dd37f3\" data-element_type=\"widget\" data-widget_type=\"text-editor.default\">\n\t\t\t\t<div class=\"elementor-widget-container\">\n\t\t\t\t\t\t\t<div class=\"elementor-element elementor-element-34d367d elementor-widget elementor-widget-text-editor\" data-id=\"34d367d\" data-element_type=\"widget\" data-widget_type=\"text-editor.default\"><div class=\"elementor-widget-container\"><div class=\"elementor-text-editor elementor-clearfix\"><ul><li><span class=\"elementor-icon-list-text\"><u><b>Kh\u00f4ng c\u1ea7n ki\u1ebfn th\u1ee9c l\u1eadp tr\u00ecnh:<\/b><\/u>\u00a0D\u1ec5 d\u00e0ng t\u1ea1o BIO Link ch\u1ec9 v\u1edbi v\u00e0i thao t\u00e1c c\u01a1 b\u1ea3n<\/span><\/li><li><span class=\"elementor-icon-list-text\"><u><b>Kh\u00f4ng c\u1ea7n k\u1ef9 n\u0103ng thi\u1ebft k\u1ebf \u0111\u1ed3 ho\u1ea1:<\/b><\/u>\u00a0Kho giao di\u1ec7n m\u1eabu \u0111a d\u1ea1ng gi\u00fap b\u1ea1n tho\u1ea3 s\u1ee9c s\u00e1ng t\u1ea1o theo \u00fd th\u00edch.<\/span><\/li><li><span class=\"elementor-icon-list-text\"><u><b>Kh\u00f4ng d\u00ednh watermark:<\/b><\/u>\u00a0Ch\u1ec9 v\u1edbi 1 thao t\u00e1c b\u1ea1n c\u00f3 th\u1ec3 xo\u00e1 b\u1ecf ho\u00e0n to\u00e0n watermark (create by ATP Link) \u1edf ph\u1ea7n cu\u1ed1i c\u00f9ng c\u1ee7a Bio Link.<\/span><\/li><li><span class=\"elementor-icon-list-text\"><u><b>Kh\u00f4ng qu\u1ea3ng c\u00e1o (No Ads):<\/b><\/u>\u00a0ATP Link ho\u00e0n to\u00e0n MI\u1ec4N PH\u00cd.<\/span><\/li><li><span class=\"elementor-icon-list-text\"><u><b>Kh\u00f4ng c\u1ea7n hosting\/domain:<\/b><\/u>\u00a0M\u1ecdi c\u00f4ng ngh\u1ec7 \u0111\u00e3 \u0111\u01b0\u1ee3c t\u00edch h\u1ee3p s\u1eb5n tr\u00ean ATP Link, s\u1ebd gi\u00fap b\u1ea1n ti\u1ebft ki\u1ec7m 10-15$ m\u1ed7i th\u00e1ng.<\/span><\/li><li><span class=\"elementor-icon-list-text\"><u><b>\u0110o l\u01b0\u1eddng truy c\u1eadp:<\/b><\/u>\u00a0H\u1ec7 th\u1ed1ng qu\u1ea3n l\u00fd cho ph\u00e9p b\u1ea1n \u0111o l\u01b0\u1eddng chi ti\u1ebft t\u1eebng l\u01b0\u1ee3t truy c\u1eadp tr\u00ean m\u1ed7i li\u00ean k\u1ebft g\u1eafn tr\u00ean bio link.<\/span><\/li><li><span class=\"elementor-icon-list-text\"><u><b>Kho giao di\u1ec7n m\u1eabu:<\/b><\/u>\u00a0ATP Link h\u1ed7 tr\u1ee3 b\u1ea1n l\u1ef1a ch\u1ecdn c\u00e1c giao di\u1ec7n m\u1eabu c\u00f3 tr\u00ean h\u1ec7 th\u1ed1ng ho\u00e0n to\u00e0n mi\u1ec5n ph\u00ed, ch\u1ec9 vi\u1ec7c b\u1ea5m thao t\u00e1c ch\u1ecdn l\u1ef1a ho\u1eb7c b\u1ea1n c\u00f3 th\u1ec3 t\u1ef1 t\u1ea3i c\u00e1c h\u00ecnh m\u1eabu \u01b0ng \u00fd l\u00e0m \u1ea3nh n\u1ec1n cho BIO Link.<\/span><\/li><\/ul><\/div><\/div><\/div>\t\t\t\t\t\t<\/div>\n\t\t\t\t<\/div>\n\t\t\t\t<div class=\"elementor-element elementor-element-1713835 elementor-widget elementor-widget-heading\" data-id=\"1713835\" data-element_type=\"widget\" data-widget_type=\"heading.default\">\n\t\t\t\t<div class=\"elementor-widget-container\">\n\t\t\t<h2 class=\"elementor-heading-title elementor-size-default\">IV- Ba b\u01b0\u1edbc \u0111\u01a1n gi\u1ea3n \u0111\u1ec3 t\u1ea1o BIO Link<\/h2>\t\t<\/div>\n\t\t\t\t<\/div>\n\t\t\t\t<div class=\"elementor-element elementor-element-9dbea5c elementor-widget elementor-widget-heading\" data-id=\"9dbea5c\" data-element_type=\"widget\" data-widget_type=\"heading.default\">\n\t\t\t\t<div class=\"elementor-widget-container\">\n\t\t\t<h2 class=\"elementor-heading-title elementor-size-default\">1\/ \u0110\u0103ng k\u00fd t\u00e0i kho\u1ea3n ATP LINK<\/h2>\t\t<\/div>\n\t\t\t\t<\/div>\n\t\t\t\t<div class=\"elementor-element elementor-element-b521130 elementor-widget elementor-widget-text-editor\" data-id=\"b521130\" data-element_type=\"widget\" data-widget_type=\"text-editor.default\">\n\t\t\t\t<div class=\"elementor-widget-container\">\n\t\t\t\t\t\t\t<div class=\"elementor-element elementor-element-34d367d elementor-widget elementor-widget-text-editor\" data-id=\"34d367d\" data-element_type=\"widget\" data-widget_type=\"text-editor.default\"><div class=\"elementor-widget-container\"><div class=\"elementor-text-editor elementor-clearfix\"><p>B\u1ea5m v\u00e0o \u0111\u00e2y \u0111\u1ec3 ti\u1ebfn h\u00e0nh \u0111\u0103ng k\u00fd t\u1ea1o t\u00e0i kho\u1ea3n ATP Link:<br \/><b>&gt;&gt;\u00a0<a href=\"https:\/\/atplink.com\/register\" target=\"_blank\" rel=\"noopener\">https:\/\/atplink.com\/register<\/a><\/b><\/p><p>Nh\u1eadp c\u00e1c th\u00f4ng tin c\u1ea7n thi\u1ebft m\u00e0 h\u1ec7 th\u1ed1ng y\u00eau c\u1ea7u sau \u0111\u00f3 b\u1ea5m n\u00fat \u0111\u0103ng k\u00fd.<\/p><\/div><\/div><\/div>\t\t\t\t\t\t<\/div>\n\t\t\t\t<\/div>\n\t\t\t\t<div class=\"elementor-element elementor-element-4cdf273 elementor-widget elementor-widget-heading\" data-id=\"4cdf273\" data-element_type=\"widget\" data-widget_type=\"heading.default\">\n\t\t\t\t<div class=\"elementor-widget-container\">\n\t\t\t<h2 class=\"elementor-heading-title elementor-size-default\">2\/ Ch\u1ec9nh s\u1eeda BIO Link<\/h2>\t\t<\/div>\n\t\t\t\t<\/div>\n\t\t\t\t<div class=\"elementor-element elementor-element-a55e094 elementor-widget elementor-widget-text-editor\" data-id=\"a55e094\" data-element_type=\"widget\" data-widget_type=\"text-editor.default\">\n\t\t\t\t<div class=\"elementor-widget-container\">\n\t\t\t\t\t\t\t<div class=\"elementor-element elementor-element-34d367d elementor-widget elementor-widget-text-editor\" data-id=\"34d367d\" data-element_type=\"widget\" data-widget_type=\"text-editor.default\"><div class=\"elementor-widget-container\"><div class=\"elementor-text-editor elementor-clearfix\"><p>H\u1ec7 th\u1ed1ng ATP Link c\u00f3 s\u1eb5n b\u1ed9 c\u00f4ng c\u1ee5 h\u1ed7 tr\u1ee3 b\u1ea1n thi\u1ebft k\u1ebf giao di\u1ec7n cho BIO Link d\u1ec5 d\u00e0ng.<\/p><p>Ngo\u00e0i ra, b\u1ea1n c\u0169ng c\u00f3 th\u1ec3 tho\u1ea3 s\u1ee9c s\u00e1ng t\u1ea1o bio link theo phong c\u00e1ch \u0111\u1ed9c \u0111\u00e1o c\u1ee7a ri\u00eang m\u00ecnh.<\/p><\/div><\/div><\/div>\t\t\t\t\t\t<\/div>\n\t\t\t\t<\/div>\n\t\t\t\t<div class=\"elementor-element elementor-element-1a82923 elementor-widget elementor-widget-heading\" data-id=\"1a82923\" data-element_type=\"widget\" data-widget_type=\"heading.default\">\n\t\t\t\t<div class=\"elementor-widget-container\">\n\t\t\t<h2 class=\"elementor-heading-title elementor-size-default\">3\/ Xu\u1ea5t b\u1ea3n & g\u1eafn h\u1ed3 s\u01a1 Social<\/h2>\t\t<\/div>\n\t\t\t\t<\/div>\n\t\t\t\t<div class=\"elementor-element elementor-element-2e49660 elementor-widget elementor-widget-text-editor\" data-id=\"2e49660\" data-element_type=\"widget\" data-widget_type=\"text-editor.default\">\n\t\t\t\t<div class=\"elementor-widget-container\">\n\t\t\t\t\t\t\t<div class=\"elementor-element elementor-element-34d367d elementor-widget elementor-widget-text-editor\" data-id=\"34d367d\" data-element_type=\"widget\" data-widget_type=\"text-editor.default\"><div class=\"elementor-widget-container\"><div class=\"elementor-text-editor elementor-clearfix\"><div class=\"elementor-element elementor-element-b64f654 elementor-widget elementor-widget-text-editor\" data-id=\"b64f654\" data-element_type=\"widget\" data-widget_type=\"text-editor.default\"><div class=\"elementor-widget-container\"><div class=\"elementor-text-editor elementor-clearfix\"><p>Vi\u1ec7c c\u00f2n l\u1ea1i l\u00e0 xu\u1ea5t b\u1ea3n BIO Page sau \u0111\u00f3 g\u1eafn l\u00ean ti\u1ec3u s\u1eed (bio) c\u00e1c trang c\u00e1 nh\u00e2n c\u1ee7a b\u1ea1n tr\u00ean Facebook, Instagram, Tiktok \u0111\u1ec3 thu h\u00fat kh\u00e1ch h\u00e0ng truy c\u1eadp.<\/p><\/div><\/div><\/div><p>B\u1ea1n \u0111\u00e3 s\u1eb5n s\u00e0ng \u0111\u1ec3 t\u1ef1 thi\u1ebft k\u1ebf BIO Link chuy\u00ean nghi\u1ec7p, nhanh ch\u00f3ng, t\u0103ng t\u1ed1i \u0111a t\u1ef7 l\u1ec7 chuy\u1ec3n \u0111\u1ed5i ch\u01b0a?<\/p><p>Th\u1eed t\u1ea1o m\u1ed9t BIO Link ngay nh\u00e9 &gt;&gt; <a href=\"https:\/\/atplink.com\/register\">https:\/\/atplink.com\/<\/a><\/p><\/div><\/div><\/div>\t\t\t\t\t\t<\/div>\n\t\t\t\t<\/div>\n\t\t\t\t\t<\/div>\n\t\t<\/div>\n\t\t\t\t\t\t\t<\/div>\n\t\t<\/section>\n\t\t\t\t\t\t<\/div>\n\t\t\t\t\t<\/div>\n\t\t","protected":false},"excerpt":{"rendered":"<p>ATP Link l\u00e0 m\u1ed9t trong nh\u1eefng c\u00f4ng c\u1ee5 gi\u00fap ti\u1ebfp c\u1eadn kh\u00e1ch h\u00e0ng ti\u1ec1m n\u0103ng m\u1ed9t c\u00e1ch chuy\u00ean nghi\u1ec7p. N\u1eafm b\u1eaft \u0111\u01b0\u1ee3c xu h\u01b0\u1edbng qu\u1ea3ng c\u00e1o chuy\u1ec3n \u0111\u1ed5i th\u00f4ng qua BIO Link, ATP Link ra \u0111\u1eddi v\u1edbi m\u1ee5c \u0111\u00edch \u0111em l\u1ea1i gi\u1ea3i ph\u00e1p gi\u00fap b\u1ea5t k\u1ef3 ai c\u0169ng c\u00f3 th\u1ec3 s\u1edf h\u1eefu ngay cho m\u00ecnh [&hellip;]<\/p>\n","protected":false},"author":1,"featured_media":0,"parent":0,"menu_order":0,"comment_status":"closed","ping_status":"closed","template":"","meta":[],"uagb_featured_image_src":{"full":false,"thumbnail":false,"medium":false,"medium_large":false,"large":false,"1536x1536":false,"2048x2048":false,"jnews-360x180":false,"jnews-750x375":false,"jnews-1140x570":false,"jnews-120x86":false,"jnews-350x250":false,"jnews-750x536":false,"jnews-1140x815":false,"jnews-360x504":false,"jnews-75x75":false,"jnews-350x350":false,"jnews-featured-750":false,"jnews-featured-1140":false},"uagb_author_info":{"display_name":"admin","author_link":"https:\/\/atplink.com\/blog\/author\/admin\/"},"uagb_comment_info":0,"uagb_excerpt":"ATP Link l\u00e0 m\u1ed9t trong nh\u1eefng c\u00f4ng c\u1ee5 gi\u00fap ti\u1ebfp c\u1eadn kh\u00e1ch h\u00e0ng ti\u1ec1m n\u0103ng m\u1ed9t c\u00e1ch chuy\u00ean nghi\u1ec7p. N\u1eafm b\u1eaft \u0111\u01b0\u1ee3c xu h\u01b0\u1edbng qu\u1ea3ng c\u00e1o chuy\u1ec3n \u0111\u1ed5i th\u00f4ng qua BIO Link, ATP Link ra \u0111\u1eddi v\u1edbi m\u1ee5c \u0111\u00edch \u0111em l\u1ea1i gi\u1ea3i ph\u00e1p gi\u00fap b\u1ea5t k\u1ef3 ai c\u0169ng c\u00f3 th\u1ec3 s\u1edf h\u1eefu ngay cho m\u00ecnh&hellip;","_links":{"self":[{"href":"https:\/\/atplink.com\/blog\/wp-json\/wp\/v2\/pages\/2549"}],"collection":[{"href":"https:\/\/atplink.com\/blog\/wp-json\/wp\/v2\/pages"}],"about":[{"href":"https:\/\/atplink.com\/blog\/wp-json\/wp\/v2\/types\/page"}],"author":[{"embeddable":true,"href":"https:\/\/atplink.com\/blog\/wp-json\/wp\/v2\/users\/1"}],"replies":[{"embeddable":true,"href":"https:\/\/atplink.com\/blog\/wp-json\/wp\/v2\/comments?post=2549"}],"version-history":[{"count":1,"href":"https:\/\/atplink.com\/blog\/wp-json\/wp\/v2\/pages\/2549\/revisions"}],"predecessor-version":[{"id":2915,"href":"https:\/\/atplink.com\/blog\/wp-json\/wp\/v2\/pages\/2549\/revisions\/2915"}],"wp:attachment":[{"href":"https:\/\/atplink.com\/blog\/wp-json\/wp\/v2\/media?parent=2549"}],"curies":[{"name":"wp","href":"https:\/\/api.w.org\/{rel}","templated":true}]}}