{"id":2562,"date":"2021-06-13T17:02:40","date_gmt":"2021-06-13T10:02:40","guid":{"rendered":"https:\/\/atplink.com\/blog\/?page_id=2562"},"modified":"2021-06-16T23:10:48","modified_gmt":"2021-06-16T16:10:48","slug":"chinh-sach-bao-mat","status":"publish","type":"page","link":"https:\/\/atplink.com\/blog\/chinh-sach-bao-mat\/","title":{"rendered":"Ch\u00ednh S\u00e1ch B\u1ea3o M\u1eadt"},"content":{"rendered":"\t\t<div data-elementor-type=\"wp-page\" data-elementor-id=\"2562\" class=\"elementor elementor-2562\" data-elementor-settings=\"[]\">\n\t\t\t\t\t\t\t<div class=\"elementor-section-wrap\">\n\t\t\t\t\t\t\t<section class=\"elementor-section elementor-top-section elementor-element elementor-element-20343c2b elementor-section-boxed elementor-section-height-default elementor-section-height-default\" data-id=\"20343c2b\" data-element_type=\"section\">\n\t\t\t\t\t\t<div class=\"elementor-container elementor-column-gap-default\">\n\t\t\t\t\t<div class=\"elementor-column elementor-col-100 elementor-top-column elementor-element elementor-element-6b823814\" data-id=\"6b823814\" data-element_type=\"column\">\n\t\t\t<div class=\"elementor-widget-wrap elementor-element-populated\">\n\t\t\t\t\t\t\t\t<div class=\"elementor-element elementor-element-75a8bb1 elementor-widget elementor-widget-heading\" data-id=\"75a8bb1\" data-element_type=\"widget\" data-widget_type=\"heading.default\">\n\t\t\t\t<div class=\"elementor-widget-container\">\n\t\t\t<h2 class=\"elementor-heading-title elementor-size-default\">1. ATP Link thu th\u1eadp nh\u1eefng th\u00f4ng tin g\u00ec?<\/h2>\t\t<\/div>\n\t\t\t\t<\/div>\n\t\t\t\t<div class=\"elementor-element elementor-element-dcdff03 elementor-widget elementor-widget-text-editor\" data-id=\"dcdff03\" data-element_type=\"widget\" data-widget_type=\"text-editor.default\">\n\t\t\t\t<div class=\"elementor-widget-container\">\n\t\t\t\t\t\t\t<div class=\"elementor-element elementor-element-34d367d elementor-widget elementor-widget-text-editor\" data-id=\"34d367d\" data-element_type=\"widget\" data-widget_type=\"text-editor.default\"><div class=\"elementor-widget-container\"><div class=\"elementor-text-editor elementor-clearfix\">ATP Link thu nh\u1eadp th\u00f4ng tin t\u1eeb b\u1ea1n khi b\u1ea1n \u0111\u0103ng k\u00fd tr\u00ean trang web c\u1ee7a ch\u00fang t\u00f4i. Khi b\u1ea1n \u0111\u0103ng k\u00fd t\u00e0i kho\u1ea3n tr\u00ean trang c\u1ee7a ATP Link, b\u1ea1n s\u1ebd c\u1ea7n nh\u1eadp nh\u1eefng th\u00f4ng tin sau:<\/div><div>\u00a0<\/div><div><ul><li>H\u1ecd t\u00ean \u0111\u1ea7y \u0111\u1ee7.<\/li><li>Email ch\u00ednh x\u00e1c.<\/li><\/ul><\/div><div>N\u1ebfu g\u1eb7p tr\u1ee5c tr\u1eb7c hay c\u00f3 v\u1ea5n \u0111\u1ec1 ph\u00e1t sinh trong qu\u00e1 tr\u00ecnh \u0111\u0103ng k\u00fd t\u00e0i kho\u1ea3n h\u00e3y li\u00ean h\u1ec7 v\u1edbi \u0111\u1ed9i ng\u0169 ch\u00fang t\u00f4i \u0111\u1ec3 ch\u00fang t\u00f4i c\u00f3 th\u1ec3 h\u1ed7 tr\u1ee3 b\u1ea1n.<\/div><\/div><\/div>\t\t\t\t\t\t<\/div>\n\t\t\t\t<\/div>\n\t\t\t\t<div class=\"elementor-element elementor-element-30c2382 elementor-widget elementor-widget-heading\" data-id=\"30c2382\" data-element_type=\"widget\" data-widget_type=\"heading.default\">\n\t\t\t\t<div class=\"elementor-widget-container\">\n\t\t\t<h2 class=\"elementor-heading-title elementor-size-default\">2. ATP Link s\u1ebd l\u00e0m g\u00ec v\u1edbi th\u00f4ng tin c\u1ee7a b\u1ea1n?<\/h2>\t\t<\/div>\n\t\t\t\t<\/div>\n\t\t\t\t<div class=\"elementor-element elementor-element-c6b9569 elementor-widget elementor-widget-text-editor\" data-id=\"c6b9569\" data-element_type=\"widget\" data-widget_type=\"text-editor.default\">\n\t\t\t\t<div class=\"elementor-widget-container\">\n\t\t\t\t\t\t\t<div class=\"elementor-element elementor-element-34d367d elementor-widget elementor-widget-text-editor\" data-id=\"34d367d\" data-element_type=\"widget\" data-widget_type=\"text-editor.default\"><div class=\"elementor-widget-container\"><div class=\"elementor-text-editor elementor-clearfix\">ATP Link s\u1eed d\u1ee5ng th\u00f4ng tin m\u00e0 ch\u00fang t\u00f4i thu th\u1eadp cho c\u00e1c m\u1ee5c \u0111\u00edch chung:<\/div><div>\u00a0<\/div><div><ul><li>X\u00e1c \u0111\u1ecbnh v\u00e0 x\u00e1c th\u1ef1c t\u00e0i kho\u1ea3n.<\/li><li>C\u1ea3i thi\u1ec7n d\u1ecbch v\u1ee5.<\/li><li>Ch\u0103m s\u00f3c kh\u00e1ch h\u00e0ng v\u00e0 nghi\u00ean c\u1ee9u.<\/li><\/ul><\/div><div>Th\u00f4ng tin v\u00e0 t\u00e0i kho\u1ea3n n\u00e0y c\u1ee7a b\u1ea1n s\u1ebd \u0111\u01b0\u1ee3c l\u01b0u tr\u1eef kh\u00f4ng th\u1eddi h\u1ea1n \u0111\u1ec3 b\u1ea1n c\u00f3 th\u1ec3 gia h\u1ea1n d\u1ecbch v\u1ee5 b\u1ea5t c\u1ee9 l\u00fac n\u00e0o.<\/div><\/div><\/div>\t\t\t\t\t\t<\/div>\n\t\t\t\t<\/div>\n\t\t\t\t<div class=\"elementor-element elementor-element-15d8360 elementor-widget elementor-widget-heading\" data-id=\"15d8360\" data-element_type=\"widget\" data-widget_type=\"heading.default\">\n\t\t\t\t<div class=\"elementor-widget-container\">\n\t\t\t<h2 class=\"elementor-heading-title elementor-size-default\">3. Cookies<\/h2>\t\t<\/div>\n\t\t\t\t<\/div>\n\t\t\t\t<div class=\"elementor-element elementor-element-6d786af elementor-widget elementor-widget-text-editor\" data-id=\"6d786af\" data-element_type=\"widget\" data-widget_type=\"text-editor.default\">\n\t\t\t\t<div class=\"elementor-widget-container\">\n\t\t\t\t\t\t\t<div class=\"elementor-element elementor-element-34d367d elementor-widget elementor-widget-text-editor\" data-id=\"34d367d\" data-element_type=\"widget\" data-widget_type=\"text-editor.default\"><div class=\"elementor-widget-container\"><div class=\"elementor-text-editor elementor-clearfix\">Cookies l\u00e0 m\u1ed9t l\u01b0\u1ee3ng nh\u1ecf d\u1eef li\u1ec7u, \u0111\u01b0\u1ee3c g\u1eedi t\u1edbi tr\u00ecnh duy\u1ec7t c\u1ee7a b\u1ea1n t\u1eeb m\u1ed9t trang web v\u00e0 \u0111\u01b0\u1ee3c l\u01b0u tr\u1eef tr\u00ean \u1ed5 \u0111\u0129a c\u1ee9ng c\u1ee7a m\u00e1y t\u00ednh.<\/div><div class=\"elementor-text-editor elementor-clearfix\">Cookies cho ph\u00e9p trang web ho\u1eb7c h\u1ec7 th\u1ed1ng c\u1ee7a c\u00e1c b\u00ean cung c\u1ea5p d\u1ecbch v\u1ee5 nh\u1eadn di\u1ec7n tr\u00ecnh duy\u1ec7t c\u1ee7a b\u1ea1n v\u00e0 l\u01b0u l\u1ea1i m\u1ed9t s\u1ed1 th\u00f4ng tin nh\u1ea5t \u0111\u1ecbnh. ATP Link d\u00f9ng cookies \u0111\u1ec3 hi\u1ec3u v\u00e0 l\u01b0u tr\u1eef ho\u1ea1t \u0111\u1ed9ng c\u1ee7a b\u1ea1n v\u00e0 \u0111\u00e1p \u1ee9ng c\u00e1c nhu c\u1ea7u c\u1ee7a b\u1ea1n t\u1ed1t h\u01a1n cho l\u1ea7n truy c\u1eadp sau.<\/div><\/div><\/div>\t\t\t\t\t\t<\/div>\n\t\t\t\t<\/div>\n\t\t\t\t<div class=\"elementor-element elementor-element-ba02259 elementor-widget elementor-widget-heading\" data-id=\"ba02259\" data-element_type=\"widget\" data-widget_type=\"heading.default\">\n\t\t\t\t<div class=\"elementor-widget-container\">\n\t\t\t<h2 class=\"elementor-heading-title elementor-size-default\">4. Ch\u00fang t\u00f4i c\u00f3 cung c\u1ea5p th\u00f4ng tin cho b\u00ean kh\u00e1c kh\u00f4ng?<\/h2>\t\t<\/div>\n\t\t\t\t<\/div>\n\t\t\t\t<div class=\"elementor-element elementor-element-f7fc05b elementor-widget elementor-widget-text-editor\" data-id=\"f7fc05b\" data-element_type=\"widget\" data-widget_type=\"text-editor.default\">\n\t\t\t\t<div class=\"elementor-widget-container\">\n\t\t\t\t\t\t\t<div class=\"elementor-element elementor-element-34d367d elementor-widget elementor-widget-text-editor\" data-id=\"34d367d\" data-element_type=\"widget\" data-widget_type=\"text-editor.default\"><div class=\"elementor-widget-container\"><div class=\"elementor-text-editor elementor-clearfix\">Ch\u00fang t\u00f4i kh\u00f4ng b\u00e1n, trao \u0111\u1ed5i, ho\u1eb7c s\u1eed d\u1ee5ng c\u00e1c h\u00ecnh th\u1ee9c th\u01b0\u01a1ng m\u1ea1i kh\u00e1c v\u1edbi nh\u1eefng th\u00f4ng tin c\u00e1 nh\u00e2n c\u1ee7a b\u1ea1n.<\/div><div class=\"elementor-text-editor elementor-clearfix\">Tuy nhi\u00ean, th\u00f4ng tin kh\u00f4ng \u0111\u1ecbnh danh c\u1ee7a nh\u1eefng ng\u01b0\u1eddi truy c\u1eadp v\u00e0o trang web c\u00f3 th\u1ec3 \u0111\u01b0\u1ee3c s\u1eed d\u1ee5ng v\u00e0 cung c\u1ea5p cho c\u00e1c b\u00ean kh\u00e1c nh\u1eb1m m\u1ee5c \u0111\u00edch marketing, qu\u1ea3ng c\u00e1o ho\u1eb7c m\u1ee5c \u0111\u00edch s\u1eed d\u1ee5ng kh\u00e1c.<\/div><\/div><\/div>\t\t\t\t\t\t<\/div>\n\t\t\t\t<\/div>\n\t\t\t\t<div class=\"elementor-element elementor-element-0cdb057 elementor-widget elementor-widget-heading\" data-id=\"0cdb057\" data-element_type=\"widget\" data-widget_type=\"heading.default\">\n\t\t\t\t<div class=\"elementor-widget-container\">\n\t\t\t<h2 class=\"elementor-heading-title elementor-size-default\">5. ATP Link kh\u00f4ng l\u01b0u th\u00f4ng tin d\u1eef li\u1ec7u Bio Link c\u1ee7a kh\u00e1ch h\u00e0ng<\/h2>\t\t<\/div>\n\t\t\t\t<\/div>\n\t\t\t\t<div class=\"elementor-element elementor-element-84a6213 elementor-widget elementor-widget-text-editor\" data-id=\"84a6213\" data-element_type=\"widget\" data-widget_type=\"text-editor.default\">\n\t\t\t\t<div class=\"elementor-widget-container\">\n\t\t\t\t\t\t\t<div class=\"elementor-element elementor-element-34d367d elementor-widget elementor-widget-text-editor\" data-id=\"34d367d\" data-element_type=\"widget\" data-widget_type=\"text-editor.default\"><div class=\"elementor-widget-container\"><div class=\"elementor-text-editor elementor-clearfix\">ATP Link l\u00e0 n\u1ec1n t\u1ea3ng ti\u00ean phong kh\u00f4ng l\u01b0u th\u00f4ng tin d\u1eef li\u1ec7u BIO Link c\u1ee7a kh\u00e1ch h\u00e0ng. D\u1eef li\u1ec7u s\u1ebd \u0111\u01b0\u1ee3c chuy\u1ec3n h\u01b0\u1edbng tr\u1ef1c ti\u1ebfp v\u1ec1 kho l\u01b0u tr\u1eef c\u1ee7a kh\u00e1ch h\u00e0ng nh\u01b0: Email, Google Sheet, CRM,&#8230;<\/div><div class=\"elementor-text-editor elementor-clearfix\"><br \/>Ngo\u00e0i ra, ch\u00fang t\u00f4i c\u00f3 th\u1ec3 c\u1ea7n ph\u1ea3i ti\u1ebft l\u1ed9 th\u00f4ng tin c\u00e1 nh\u00e2n trong c\u00e1c tr\u01b0\u1eddng h\u1ee3p \u0111\u1eb7c bi\u1ec7t li\u00ean quan \u0111\u1ebfn ph\u00e1p lu\u1eadt ho\u1eb7c khi h\u00e0nh \u0111\u1ed9ng c\u1ee7a b\u1ea1n vi ph\u1ea1m <a href=\"https:\/\/atplink.com\/blog\/dieu-khoan-su-dung\/\" target=\"_blank\" rel=\"noopener\">\u0110i\u1ec1u kho\u1ea3n D\u1ecbch v\u1ee5<\/a>.<\/div><\/div><\/div>\t\t\t\t\t\t<\/div>\n\t\t\t\t<\/div>\n\t\t\t\t\t<\/div>\n\t\t<\/div>\n\t\t\t\t\t\t\t<\/div>\n\t\t<\/section>\n\t\t\t\t\t\t<\/div>\n\t\t\t\t\t<\/div>\n\t\t","protected":false},"excerpt":{"rendered":"<p>1. ATP Link thu th\u1eadp nh\u1eefng th\u00f4ng tin g\u00ec? ATP Link thu nh\u1eadp th\u00f4ng tin t\u1eeb b\u1ea1n khi b\u1ea1n \u0111\u0103ng k\u00fd tr\u00ean trang web c\u1ee7a ch\u00fang t\u00f4i. Khi b\u1ea1n \u0111\u0103ng k\u00fd t\u00e0i kho\u1ea3n tr\u00ean trang c\u1ee7a ATP Link, b\u1ea1n s\u1ebd c\u1ea7n nh\u1eadp nh\u1eefng th\u00f4ng tin sau:\u00a0 H\u1ecd t\u00ean \u0111\u1ea7y \u0111\u1ee7. Email ch\u00ednh x\u00e1c. N\u1ebfu g\u1eb7p [&hellip;]<\/p>\n","protected":false},"author":1,"featured_media":0,"parent":0,"menu_order":0,"comment_status":"closed","ping_status":"closed","template":"","meta":[],"uagb_featured_image_src":{"full":false,"thumbnail":false,"medium":false,"medium_large":false,"large":false,"1536x1536":false,"2048x2048":false,"jnews-360x180":false,"jnews-750x375":false,"jnews-1140x570":false,"jnews-120x86":false,"jnews-350x250":false,"jnews-750x536":false,"jnews-1140x815":false,"jnews-360x504":false,"jnews-75x75":false,"jnews-350x350":false,"jnews-featured-750":false,"jnews-featured-1140":false},"uagb_author_info":{"display_name":"admin","author_link":"https:\/\/atplink.com\/blog\/author\/admin\/"},"uagb_comment_info":0,"uagb_excerpt":"1. ATP Link thu th\u1eadp nh\u1eefng th\u00f4ng tin g\u00ec? ATP Link thu nh\u1eadp th\u00f4ng tin t\u1eeb b\u1ea1n khi b\u1ea1n \u0111\u0103ng k\u00fd tr\u00ean trang web c\u1ee7a ch\u00fang t\u00f4i. Khi b\u1ea1n \u0111\u0103ng k\u00fd t\u00e0i kho\u1ea3n tr\u00ean trang c\u1ee7a ATP Link, b\u1ea1n s\u1ebd c\u1ea7n nh\u1eadp nh\u1eefng th\u00f4ng tin sau:\u00a0 H\u1ecd t\u00ean \u0111\u1ea7y \u0111\u1ee7. Email ch\u00ednh x\u00e1c. N\u1ebfu g\u1eb7p&hellip;","_links":{"self":[{"href":"https:\/\/atplink.com\/blog\/wp-json\/wp\/v2\/pages\/2562"}],"collection":[{"href":"https:\/\/atplink.com\/blog\/wp-json\/wp\/v2\/pages"}],"about":[{"href":"https:\/\/atplink.com\/blog\/wp-json\/wp\/v2\/types\/page"}],"author":[{"embeddable":true,"href":"https:\/\/atplink.com\/blog\/wp-json\/wp\/v2\/users\/1"}],"replies":[{"embeddable":true,"href":"https:\/\/atplink.com\/blog\/wp-json\/wp\/v2\/comments?post=2562"}],"version-history":[{"count":1,"href":"https:\/\/atplink.com\/blog\/wp-json\/wp\/v2\/pages\/2562\/revisions"}],"predecessor-version":[{"id":2918,"href":"https:\/\/atplink.com\/blog\/wp-json\/wp\/v2\/pages\/2562\/revisions\/2918"}],"wp:attachment":[{"href":"https:\/\/atplink.com\/blog\/wp-json\/wp\/v2\/media?parent=2562"}],"curies":[{"name":"wp","href":"https:\/\/api.w.org\/{rel}","templated":true}]}}