{"id":5261,"date":"2022-06-21T14:23:47","date_gmt":"2022-06-21T07:23:47","guid":{"rendered":"https:\/\/atplink.com\/blog\/?page_id=5261"},"modified":"2023-07-07T09:16:48","modified_gmt":"2023-07-07T02:16:48","slug":"tong-hop-san-pham","status":"publish","type":"page","link":"https:\/\/atplink.com\/blog\/tong-hop-san-pham\/","title":{"rendered":"T\u1ed5ng H\u1ee3p S\u1ea3n Ph\u1ea9m"},"content":{"rendered":"\t\t<div data-elementor-type=\"wp-page\" data-elementor-id=\"5261\" class=\"elementor elementor-5261\" data-elementor-settings=\"[]\">\n\t\t\t\t\t\t\t<div class=\"elementor-section-wrap\">\n\t\t\t\t\t\t\t<section class=\"elementor-section elementor-top-section elementor-element elementor-element-6c5aa6b elementor-section-boxed elementor-section-height-default elementor-section-height-default\" data-id=\"6c5aa6b\" data-element_type=\"section\">\n\t\t\t\t\t\t<div class=\"elementor-container elementor-column-gap-default\">\n\t\t\t\t\t<div class=\"elementor-column elementor-col-100 elementor-top-column elementor-element elementor-element-9045233\" data-id=\"9045233\" data-element_type=\"column\">\n\t\t\t<div class=\"elementor-widget-wrap elementor-element-populated\">\n\t\t\t\t\t\t\t\t<div class=\"elementor-element elementor-element-b833ad4 elementor-widget elementor-widget-heading\" data-id=\"b833ad4\" data-element_type=\"widget\" data-widget_type=\"heading.default\">\n\t\t\t\t<div class=\"elementor-widget-container\">\n\t\t\t<h2 class=\"elementor-heading-title elementor-size-default\">T\u1ed4NG H\u1ee2P S\u1ea2N PH\u1ea8M<\/h2>\t\t<\/div>\n\t\t\t\t<\/div>\n\t\t\t\t<div class=\"elementor-element elementor-element-b18b7b3 elementor-widget-divider--view-line elementor-widget elementor-widget-divider\" data-id=\"b18b7b3\" data-element_type=\"widget\" data-widget_type=\"divider.default\">\n\t\t\t\t<div class=\"elementor-widget-container\">\n\t\t\t\t\t<div class=\"elementor-divider\">\n\t\t\t<span class=\"elementor-divider-separator\">\n\t\t\t\t\t\t<\/span>\n\t\t<\/div>\n\t\t\t\t<\/div>\n\t\t\t\t<\/div>\n\t\t\t\t<section class=\"elementor-section elementor-inner-section elementor-element elementor-element-b525b2c elementor-section-boxed elementor-section-height-default elementor-section-height-default\" data-id=\"b525b2c\" data-element_type=\"section\">\n\t\t\t\t\t\t<div class=\"elementor-container elementor-column-gap-default\">\n\t\t\t\t\t<div class=\"elementor-column elementor-col-25 elementor-inner-column elementor-element elementor-element-106c2a9\" data-id=\"106c2a9\" data-element_type=\"column\">\n\t\t\t<div class=\"elementor-widget-wrap elementor-element-populated\">\n\t\t\t\t\t\t\t\t<div class=\"elementor-element elementor-element-f3247eb elementor-position-top elementor-vertical-align-top elementor-widget elementor-widget-image-box\" data-id=\"f3247eb\" data-element_type=\"widget\" data-widget_type=\"image-box.default\">\n\t\t\t\t<div class=\"elementor-widget-container\">\n\t\t\t<div class=\"elementor-image-box-wrapper\"><figure class=\"elementor-image-box-img\"><img loading=\"lazy\" width=\"792\" height=\"1024\" src=\"https:\/\/atplink.com\/blog\/wp-content\/uploads\/2023\/07\/Simple-Shopee-792x1024-1.png\" class=\"attachment-full size-full\" alt=\"\" srcset=\"https:\/\/atplink.com\/blog\/wp-content\/uploads\/2023\/07\/Simple-Shopee-792x1024-1.png 792w, https:\/\/atplink.com\/blog\/wp-content\/uploads\/2023\/07\/Simple-Shopee-792x1024-1-768x993.png 768w\" \/><\/figure><div class=\"elementor-image-box-content\"><h3 class=\"elementor-image-box-title\">Simple Shopee<\/h3><p class=\"elementor-image-box-description\">C\u00f4ng c\u1ee5 th\u1ed1ng k\u00ea doanh thu, ph\u00e2n t\u00edch t\u1eeb kho\u00e1, ph\u00e2n t\u00edch shop b\u1ea5t k\u1ef3 tr\u00ean Shopee\n\n<\/p><\/div><\/div>\t\t<\/div>\n\t\t\t\t<\/div>\n\t\t\t\t<div class=\"elementor-element elementor-element-251f8e3 elementor-align-center elementor-widget elementor-widget-button\" data-id=\"251f8e3\" data-element_type=\"widget\" data-widget_type=\"button.default\">\n\t\t\t\t<div class=\"elementor-widget-container\">\n\t\t\t\t\t<div class=\"elementor-button-wrapper\">\n\t\t\t<a href=\"https:\/\/shopee.atpsoftware.vn\" class=\"elementor-button-link elementor-button elementor-size-sm elementor-animation-grow\" role=\"button\">\n\t\t\t\t\t\t<span class=\"elementor-button-content-wrapper\">\n\t\t\t\t\t\t<span class=\"elementor-button-text\">Xem chi ti\u1ebft<\/span>\n\t\t<\/span>\n\t\t\t\t\t<\/a>\n\t\t<\/div>\n\t\t\t\t<\/div>\n\t\t\t\t<\/div>\n\t\t\t\t\t<\/div>\n\t\t<\/div>\n\t\t\t\t<div class=\"elementor-column elementor-col-25 elementor-inner-column elementor-element elementor-element-8c26a16\" data-id=\"8c26a16\" data-element_type=\"column\">\n\t\t\t<div class=\"elementor-widget-wrap elementor-element-populated\">\n\t\t\t\t\t\t\t\t<div class=\"elementor-element elementor-element-fe0e409 elementor-position-top elementor-vertical-align-top elementor-widget elementor-widget-image-box\" data-id=\"fe0e409\" data-element_type=\"widget\" data-widget_type=\"image-box.default\">\n\t\t\t\t<div class=\"elementor-widget-container\">\n\t\t\t<div class=\"elementor-image-box-wrapper\"><figure class=\"elementor-image-box-img\"><img loading=\"lazy\" width=\"500\" height=\"650\" src=\"https:\/\/atplink.com\/blog\/wp-content\/uploads\/2023\/07\/simple-page-1.png\" class=\"attachment-full size-full\" alt=\"\" \/><\/figure><div class=\"elementor-image-box-content\"><h3 class=\"elementor-image-box-title\">Simple Page\u200b<\/h3><p class=\"elementor-image-box-description\">C\u00f4ng c\u1ee5 h\u1ed7 tr\u1ee3 thi\u1ebft k\u1ebf Landing Page k\u00e9o th\u1ea3\u200b\n<\/p><\/div><\/div>\t\t<\/div>\n\t\t\t\t<\/div>\n\t\t\t\t<div class=\"elementor-element elementor-element-5531084 elementor-align-center elementor-widget elementor-widget-button\" data-id=\"5531084\" data-element_type=\"widget\" data-widget_type=\"button.default\">\n\t\t\t\t<div class=\"elementor-widget-container\">\n\t\t\t\t\t<div class=\"elementor-button-wrapper\">\n\t\t\t<a href=\"https:\/\/atpsoftware.vn\/simple-page\" class=\"elementor-button-link elementor-button elementor-size-sm elementor-animation-grow\" role=\"button\">\n\t\t\t\t\t\t<span class=\"elementor-button-content-wrapper\">\n\t\t\t\t\t\t<span class=\"elementor-button-text\">Xem chi ti\u1ebft<\/span>\n\t\t<\/span>\n\t\t\t\t\t<\/a>\n\t\t<\/div>\n\t\t\t\t<\/div>\n\t\t\t\t<\/div>\n\t\t\t\t\t<\/div>\n\t\t<\/div>\n\t\t\t\t<div class=\"elementor-column elementor-col-25 elementor-inner-column elementor-element elementor-element-d4e2aeb\" data-id=\"d4e2aeb\" data-element_type=\"column\">\n\t\t\t<div class=\"elementor-widget-wrap elementor-element-populated\">\n\t\t\t\t\t\t\t\t<div class=\"elementor-element elementor-element-41510a9 elementor-position-top elementor-vertical-align-top elementor-widget elementor-widget-image-box\" data-id=\"41510a9\" data-element_type=\"widget\" data-widget_type=\"image-box.default\">\n\t\t\t\t<div class=\"elementor-widget-container\">\n\t\t\t<div class=\"elementor-image-box-wrapper\"><figure class=\"elementor-image-box-img\"><img loading=\"lazy\" width=\"500\" height=\"650\" src=\"https:\/\/atplink.com\/blog\/wp-content\/uploads\/2023\/07\/box-simple-facebook-pro.png\" class=\"attachment-full size-full\" alt=\"\" \/><\/figure><div class=\"elementor-image-box-content\"><h3 class=\"elementor-image-box-title\">SimpleFB Pro\u200b<\/h3><p class=\"elementor-image-box-description\">Ph\u1ea7n m\u1ec1m h\u1ed7 tr\u1ee3 k\u1ebft b\u1ea1n kh\u00e1ch h\u00e0ng ti\u1ec1m n\u0103ng, nu\u00f4i nick Facebook, x\u00e2y d\u1ef1ng trang c\u00e1 nh\u00e2n b\u00e1n h\u00e0ng tr\u00ean Facebook.<\/p><\/div><\/div>\t\t<\/div>\n\t\t\t\t<\/div>\n\t\t\t\t<div class=\"elementor-element elementor-element-7ffcb5d elementor-align-center elementor-widget elementor-widget-button\" data-id=\"7ffcb5d\" data-element_type=\"widget\" data-widget_type=\"button.default\">\n\t\t\t\t<div class=\"elementor-widget-container\">\n\t\t\t\t\t<div class=\"elementor-button-wrapper\">\n\t\t\t<a href=\"https:\/\/atpsoftware.vn\/simple-facebook-pro\" class=\"elementor-button-link elementor-button elementor-size-sm elementor-animation-grow\" role=\"button\">\n\t\t\t\t\t\t<span class=\"elementor-button-content-wrapper\">\n\t\t\t\t\t\t<span class=\"elementor-button-text\">Xem chi ti\u1ebft<\/span>\n\t\t<\/span>\n\t\t\t\t\t<\/a>\n\t\t<\/div>\n\t\t\t\t<\/div>\n\t\t\t\t<\/div>\n\t\t\t\t\t<\/div>\n\t\t<\/div>\n\t\t\t\t<div class=\"elementor-column elementor-col-25 elementor-inner-column elementor-element elementor-element-9d2f790\" data-id=\"9d2f790\" data-element_type=\"column\">\n\t\t\t<div class=\"elementor-widget-wrap elementor-element-populated\">\n\t\t\t\t\t\t\t\t<div class=\"elementor-element elementor-element-461aef7 elementor-position-top elementor-vertical-align-top elementor-widget elementor-widget-image-box\" data-id=\"461aef7\" data-element_type=\"widget\" data-widget_type=\"image-box.default\">\n\t\t\t\t<div class=\"elementor-widget-container\">\n\t\t\t<div class=\"elementor-image-box-wrapper\"><figure class=\"elementor-image-box-img\"><img loading=\"lazy\" width=\"492\" height=\"636\" src=\"https:\/\/atplink.com\/blog\/wp-content\/uploads\/2023\/07\/ATP-CARE-PRO-BOX.png\" class=\"attachment-full size-full\" alt=\"\" \/><\/figure><div class=\"elementor-image-box-content\"><h3 class=\"elementor-image-box-title\">ATPCare Pro<\/h3><p class=\"elementor-image-box-description\">Qu\u1ea3n l\u00fd tin nh\u1eafn b\u00e1n h\u00e0ng \u0111a k\u00eanh (Fanpage Facebook, Shopee, Zalo, Website,\u2026)<\/p><\/div><\/div>\t\t<\/div>\n\t\t\t\t<\/div>\n\t\t\t\t<div class=\"elementor-element elementor-element-3919f3c elementor-align-center elementor-widget elementor-widget-button\" data-id=\"3919f3c\" data-element_type=\"widget\" data-widget_type=\"button.default\">\n\t\t\t\t<div class=\"elementor-widget-container\">\n\t\t\t\t\t<div class=\"elementor-button-wrapper\">\n\t\t\t<a href=\"https:\/\/atpsoftware.vn\/atp-care-pro\" class=\"elementor-button-link elementor-button elementor-size-sm elementor-animation-grow\" role=\"button\">\n\t\t\t\t\t\t<span class=\"elementor-button-content-wrapper\">\n\t\t\t\t\t\t<span class=\"elementor-button-text\">Xem chi ti\u1ebft<\/span>\n\t\t<\/span>\n\t\t\t\t\t<\/a>\n\t\t<\/div>\n\t\t\t\t<\/div>\n\t\t\t\t<\/div>\n\t\t\t\t\t<\/div>\n\t\t<\/div>\n\t\t\t\t\t\t\t<\/div>\n\t\t<\/section>\n\t\t\t\t<section class=\"elementor-section elementor-inner-section elementor-element elementor-element-6a57c03 elementor-section-boxed elementor-section-height-default elementor-section-height-default\" data-id=\"6a57c03\" data-element_type=\"section\">\n\t\t\t\t\t\t<div class=\"elementor-container elementor-column-gap-default\">\n\t\t\t\t\t<div class=\"elementor-column elementor-col-25 elementor-inner-column elementor-element elementor-element-c48ee5f\" data-id=\"c48ee5f\" data-element_type=\"column\">\n\t\t\t<div class=\"elementor-widget-wrap elementor-element-populated\">\n\t\t\t\t\t\t\t\t<div class=\"elementor-element elementor-element-b6f6ae3 elementor-position-top elementor-vertical-align-top elementor-widget elementor-widget-image-box\" data-id=\"b6f6ae3\" data-element_type=\"widget\" data-widget_type=\"image-box.default\">\n\t\t\t\t<div class=\"elementor-widget-container\">\n\t\t\t<div class=\"elementor-image-box-wrapper\"><figure class=\"elementor-image-box-img\"><img loading=\"lazy\" width=\"492\" height=\"636\" src=\"https:\/\/atplink.com\/blog\/wp-content\/uploads\/2023\/07\/simple-zns.png\" class=\"attachment-full size-full\" alt=\"\" \/><\/figure><div class=\"elementor-image-box-content\"><h3 class=\"elementor-image-box-title\">Simple ZNS\u200b<\/h3><p class=\"elementor-image-box-description\">Gi\u1ea3i Ph\u00e1p G\u1eedi Tin Nh\u1eafn Ch\u0103m S\u00f3c Kh\u00e1ch H\u00e0ng T\u1ef1 \u0110\u1ed9ng Tr\u00ean Zalo OA\n<\/p><\/div><\/div>\t\t<\/div>\n\t\t\t\t<\/div>\n\t\t\t\t<div class=\"elementor-element elementor-element-4f94667 elementor-align-center elementor-widget elementor-widget-button\" data-id=\"4f94667\" data-element_type=\"widget\" data-widget_type=\"button.default\">\n\t\t\t\t<div class=\"elementor-widget-container\">\n\t\t\t\t\t<div class=\"elementor-button-wrapper\">\n\t\t\t<a href=\"https:\/\/atpsoftware.vn\/simple-zns\" class=\"elementor-button-link elementor-button elementor-size-sm elementor-animation-grow\" role=\"button\">\n\t\t\t\t\t\t<span class=\"elementor-button-content-wrapper\">\n\t\t\t\t\t\t<span class=\"elementor-button-text\">Xem chi ti\u1ebft<\/span>\n\t\t<\/span>\n\t\t\t\t\t<\/a>\n\t\t<\/div>\n\t\t\t\t<\/div>\n\t\t\t\t<\/div>\n\t\t\t\t\t<\/div>\n\t\t<\/div>\n\t\t\t\t<div class=\"elementor-column elementor-col-25 elementor-inner-column elementor-element elementor-element-cbb30a6\" data-id=\"cbb30a6\" data-element_type=\"column\">\n\t\t\t<div class=\"elementor-widget-wrap elementor-element-populated\">\n\t\t\t\t\t\t\t\t<div class=\"elementor-element elementor-element-cd83ea9 elementor-position-top elementor-vertical-align-top elementor-widget elementor-widget-image-box\" data-id=\"cd83ea9\" data-element_type=\"widget\" data-widget_type=\"image-box.default\">\n\t\t\t\t<div class=\"elementor-widget-container\">\n\t\t\t<div class=\"elementor-image-box-wrapper\"><figure class=\"elementor-image-box-img\"><img loading=\"lazy\" width=\"500\" height=\"650\" src=\"https:\/\/atplink.com\/blog\/wp-content\/uploads\/2023\/07\/atvr.png\" class=\"attachment-full size-full\" alt=\"\" \/><\/figure><div class=\"elementor-image-box-content\"><h3 class=\"elementor-image-box-title\">Auto Viral Content<\/h3><p class=\"elementor-image-box-description\">C\u00f4ng c\u1ee5 gi\u00fap x\u00e2y d\u1ef1ng n\u1ed9i dung fanpage, gi\u00fap gi\u1ea3m chi ph\u00ed nh\u00e2n l\u1ef1c, t\u0103ng hi\u1ec7u qu\u1ea3 t\u1ed1i \u0111a.<\/p><\/div><\/div>\t\t<\/div>\n\t\t\t\t<\/div>\n\t\t\t\t<div class=\"elementor-element elementor-element-eeecd3d elementor-align-center elementor-widget elementor-widget-button\" data-id=\"eeecd3d\" data-element_type=\"widget\" data-widget_type=\"button.default\">\n\t\t\t\t<div class=\"elementor-widget-container\">\n\t\t\t\t\t<div class=\"elementor-button-wrapper\">\n\t\t\t<a href=\"https:\/\/atpsoftware.vn\/auto-viral-content\" class=\"elementor-button-link elementor-button elementor-size-sm elementor-animation-grow\" role=\"button\">\n\t\t\t\t\t\t<span class=\"elementor-button-content-wrapper\">\n\t\t\t\t\t\t<span class=\"elementor-button-text\">Xem chi ti\u1ebft<\/span>\n\t\t<\/span>\n\t\t\t\t\t<\/a>\n\t\t<\/div>\n\t\t\t\t<\/div>\n\t\t\t\t<\/div>\n\t\t\t\t\t<\/div>\n\t\t<\/div>\n\t\t\t\t<div class=\"elementor-column elementor-col-25 elementor-inner-column elementor-element elementor-element-f2c9f5a\" data-id=\"f2c9f5a\" data-element_type=\"column\">\n\t\t\t<div class=\"elementor-widget-wrap elementor-element-populated\">\n\t\t\t\t\t\t\t\t<div class=\"elementor-element elementor-element-42e16cb elementor-position-top elementor-vertical-align-top elementor-widget elementor-widget-image-box\" data-id=\"42e16cb\" data-element_type=\"widget\" data-widget_type=\"image-box.default\">\n\t\t\t\t<div class=\"elementor-widget-container\">\n\t\t\t<div class=\"elementor-image-box-wrapper\"><figure class=\"elementor-image-box-img\"><img loading=\"lazy\" width=\"500\" height=\"650\" src=\"https:\/\/atplink.com\/blog\/wp-content\/uploads\/2023\/07\/simpleshop-demo.png\" class=\"attachment-full size-full\" alt=\"\" \/><\/figure><div class=\"elementor-image-box-content\"><h3 class=\"elementor-image-box-title\">Simple Shop<\/h3><p class=\"elementor-image-box-description\">Gi\u1ea3i ph\u00e1p t\u1ea1o Web Shop, T\u00edch H\u1ee3p Qu\u1ea3n L\u00fd \u0110\u01a1n h\u00e0ng, Giao V\u1eadn & Thanh To\u00e1n Online.<\/p><\/div><\/div>\t\t<\/div>\n\t\t\t\t<\/div>\n\t\t\t\t<div class=\"elementor-element elementor-element-7326338 elementor-align-center elementor-widget elementor-widget-button\" data-id=\"7326338\" data-element_type=\"widget\" data-widget_type=\"button.default\">\n\t\t\t\t<div class=\"elementor-widget-container\">\n\t\t\t\t\t<div class=\"elementor-button-wrapper\">\n\t\t\t<a href=\"https:\/\/atpsoftware.vn\/simple-shop\" class=\"elementor-button-link elementor-button elementor-size-sm elementor-animation-grow\" role=\"button\">\n\t\t\t\t\t\t<span class=\"elementor-button-content-wrapper\">\n\t\t\t\t\t\t<span class=\"elementor-button-text\">Xem chi ti\u1ebft<\/span>\n\t\t<\/span>\n\t\t\t\t\t<\/a>\n\t\t<\/div>\n\t\t\t\t<\/div>\n\t\t\t\t<\/div>\n\t\t\t\t\t<\/div>\n\t\t<\/div>\n\t\t\t\t<div class=\"elementor-column elementor-col-25 elementor-inner-column elementor-element elementor-element-4a94c6f\" data-id=\"4a94c6f\" data-element_type=\"column\">\n\t\t\t<div class=\"elementor-widget-wrap elementor-element-populated\">\n\t\t\t\t\t\t\t\t<div class=\"elementor-element elementor-element-31206c1 elementor-position-top elementor-vertical-align-top elementor-widget elementor-widget-image-box\" data-id=\"31206c1\" data-element_type=\"widget\" data-widget_type=\"image-box.default\">\n\t\t\t\t<div class=\"elementor-widget-container\">\n\t\t\t<div class=\"elementor-image-box-wrapper\"><figure class=\"elementor-image-box-img\"><img loading=\"lazy\" width=\"1021\" height=\"680\" src=\"https:\/\/atplink.com\/blog\/wp-content\/uploads\/2023\/07\/box-atpweb-1.png\" class=\"attachment-full size-full\" alt=\"\" srcset=\"https:\/\/atplink.com\/blog\/wp-content\/uploads\/2023\/07\/box-atpweb-1.png 1021w, https:\/\/atplink.com\/blog\/wp-content\/uploads\/2023\/07\/box-atpweb-1-768x511.png 768w\" \/><\/figure><div class=\"elementor-image-box-content\"><h3 class=\"elementor-image-box-title\">Thi\u1ebft K\u1ebf Website<\/h3><p class=\"elementor-image-box-description\">D\u1ecbch v\u1ee5 thi\u1ebft k\u1ebf website chuy\u00ean nghi\u1ec7p tr\u1ecdn g\u00f3i\u200b<\/p><\/div><\/div>\t\t<\/div>\n\t\t\t\t<\/div>\n\t\t\t\t<div class=\"elementor-element elementor-element-5e5c524 elementor-align-center elementor-widget elementor-widget-button\" data-id=\"5e5c524\" data-element_type=\"widget\" data-widget_type=\"button.default\">\n\t\t\t\t<div class=\"elementor-widget-container\">\n\t\t\t\t\t<div class=\"elementor-button-wrapper\">\n\t\t\t<a href=\"https:\/\/atpsoftware.vn\/thiet-ke-website\" class=\"elementor-button-link elementor-button elementor-size-sm elementor-animation-grow\" role=\"button\">\n\t\t\t\t\t\t<span class=\"elementor-button-content-wrapper\">\n\t\t\t\t\t\t<span class=\"elementor-button-text\">Xem chi ti\u1ebft<\/span>\n\t\t<\/span>\n\t\t\t\t\t<\/a>\n\t\t<\/div>\n\t\t\t\t<\/div>\n\t\t\t\t<\/div>\n\t\t\t\t\t<\/div>\n\t\t<\/div>\n\t\t\t\t\t\t\t<\/div>\n\t\t<\/section>\n\t\t\t\t<section class=\"elementor-section elementor-inner-section elementor-element elementor-element-6ffc47e elementor-section-boxed elementor-section-height-default elementor-section-height-default\" data-id=\"6ffc47e\" data-element_type=\"section\">\n\t\t\t\t\t\t<div class=\"elementor-container elementor-column-gap-default\">\n\t\t\t\t\t<div class=\"elementor-column elementor-col-25 elementor-inner-column elementor-element elementor-element-29708fd elementor-hidden-desktop elementor-hidden-tablet elementor-hidden-mobile\" data-id=\"29708fd\" data-element_type=\"column\">\n\t\t\t<div class=\"elementor-widget-wrap\">\n\t\t\t\t\t\t\t\t\t<\/div>\n\t\t<\/div>\n\t\t\t\t<div class=\"elementor-column elementor-col-25 elementor-inner-column elementor-element elementor-element-a493eae\" data-id=\"a493eae\" data-element_type=\"column\">\n\t\t\t<div class=\"elementor-widget-wrap elementor-element-populated\">\n\t\t\t\t\t\t\t\t<div class=\"elementor-element elementor-element-43fa909 elementor-position-top elementor-vertical-align-top elementor-widget elementor-widget-image-box\" data-id=\"43fa909\" data-element_type=\"widget\" data-widget_type=\"image-box.default\">\n\t\t\t\t<div class=\"elementor-widget-container\">\n\t\t\t<div class=\"elementor-image-box-wrapper\"><figure class=\"elementor-image-box-img\"><img loading=\"lazy\" width=\"500\" height=\"650\" src=\"https:\/\/atplink.com\/blog\/wp-content\/uploads\/2023\/07\/box-atplink.png\" class=\"attachment-full size-full\" alt=\"\" \/><\/figure><div class=\"elementor-image-box-content\"><h3 class=\"elementor-image-box-title\">ATP Link<\/h3><p class=\"elementor-image-box-description\">N\u1ec1n T\u1ea3ng T\u1ea1o Bio Link<\/p><\/div><\/div>\t\t<\/div>\n\t\t\t\t<\/div>\n\t\t\t\t<div class=\"elementor-element elementor-element-cf2e9e2 elementor-align-center elementor-widget elementor-widget-button\" data-id=\"cf2e9e2\" data-element_type=\"widget\" data-widget_type=\"button.default\">\n\t\t\t\t<div class=\"elementor-widget-container\">\n\t\t\t\t\t<div class=\"elementor-button-wrapper\">\n\t\t\t<a href=\"https:\/\/atpsoftware.vn\/atp-link\" class=\"elementor-button-link elementor-button elementor-size-sm elementor-animation-grow\" role=\"button\">\n\t\t\t\t\t\t<span class=\"elementor-button-content-wrapper\">\n\t\t\t\t\t\t<span class=\"elementor-button-text\">Xem chi ti\u1ebft<\/span>\n\t\t<\/span>\n\t\t\t\t\t<\/a>\n\t\t<\/div>\n\t\t\t\t<\/div>\n\t\t\t\t<\/div>\n\t\t\t\t\t<\/div>\n\t\t<\/div>\n\t\t\t\t<div class=\"elementor-column elementor-col-25 elementor-inner-column elementor-element elementor-element-14f3773\" data-id=\"14f3773\" data-element_type=\"column\">\n\t\t\t<div class=\"elementor-widget-wrap elementor-element-populated\">\n\t\t\t\t\t\t\t\t<div class=\"elementor-element elementor-element-3f30d5c elementor-position-top elementor-vertical-align-top elementor-widget elementor-widget-image-box\" data-id=\"3f30d5c\" data-element_type=\"widget\" data-widget_type=\"image-box.default\">\n\t\t\t\t<div class=\"elementor-widget-container\">\n\t\t\t<div class=\"elementor-image-box-wrapper\"><figure class=\"elementor-image-box-img\"><img loading=\"lazy\" width=\"500\" height=\"650\" src=\"https:\/\/atplink.com\/blog\/wp-content\/uploads\/2023\/07\/Box-2-1-2.png\" class=\"attachment-full size-full\" alt=\"\" \/><\/figure><div class=\"elementor-image-box-content\"><h3 class=\"elementor-image-box-title\">Simple Tikdown<\/h3><p class=\"elementor-image-box-description\">Simple Tikdown l\u00e0 c\u00f4ng c\u1ee5 gi\u00fap b\u1ea1n t\u1ea3i video Tiktok kh\u00f4ng c\u00f3 logo nhanh ch\u00f3ng.<\/p><\/div><\/div>\t\t<\/div>\n\t\t\t\t<\/div>\n\t\t\t\t<div class=\"elementor-element elementor-element-7a3246a elementor-align-center elementor-widget elementor-widget-button\" data-id=\"7a3246a\" data-element_type=\"widget\" data-widget_type=\"button.default\">\n\t\t\t\t<div class=\"elementor-widget-container\">\n\t\t\t\t\t<div class=\"elementor-button-wrapper\">\n\t\t\t<a href=\"https:\/\/atpsoftware.vn\/simple-tikdown\" class=\"elementor-button-link elementor-button elementor-size-sm elementor-animation-grow\" role=\"button\">\n\t\t\t\t\t\t<span class=\"elementor-button-content-wrapper\">\n\t\t\t\t\t\t<span class=\"elementor-button-text\">Xem chi ti\u1ebft<\/span>\n\t\t<\/span>\n\t\t\t\t\t<\/a>\n\t\t<\/div>\n\t\t\t\t<\/div>\n\t\t\t\t<\/div>\n\t\t\t\t\t<\/div>\n\t\t<\/div>\n\t\t\t\t<div class=\"elementor-column elementor-col-25 elementor-inner-column elementor-element elementor-element-2c70a4d\" data-id=\"2c70a4d\" data-element_type=\"column\">\n\t\t\t<div class=\"elementor-widget-wrap\">\n\t\t\t\t\t\t\t\t\t<\/div>\n\t\t<\/div>\n\t\t\t\t\t\t\t<\/div>\n\t\t<\/section>\n\t\t\t\t\t<\/div>\n\t\t<\/div>\n\t\t\t\t\t\t\t<\/div>\n\t\t<\/section>\n\t\t\t\t\t\t<\/div>\n\t\t\t\t\t<\/div>\n\t\t","protected":false},"excerpt":{"rendered":"<p>T\u1ed4NG H\u1ee2P S\u1ea2N PH\u1ea8M Simple Shopee C\u00f4ng c\u1ee5 th\u1ed1ng k\u00ea doanh thu, ph\u00e2n t\u00edch t\u1eeb kho\u00e1, ph\u00e2n t\u00edch shop b\u1ea5t k\u1ef3 tr\u00ean Shopee Xem chi ti\u1ebft Simple Page\u200b C\u00f4ng c\u1ee5 h\u1ed7 tr\u1ee3 thi\u1ebft k\u1ebf Landing Page k\u00e9o th\u1ea3\u200b Xem chi ti\u1ebft SimpleFB Pro\u200b Ph\u1ea7n m\u1ec1m h\u1ed7 tr\u1ee3 k\u1ebft b\u1ea1n kh\u00e1ch h\u00e0ng ti\u1ec1m n\u0103ng, nu\u00f4i nick [&hellip;]<\/p>\n","protected":false},"author":1,"featured_media":0,"parent":0,"menu_order":0,"comment_status":"closed","ping_status":"closed","template":"elementor_header_footer","meta":[],"uagb_featured_image_src":{"full":false,"thumbnail":false,"medium":false,"medium_large":false,"large":false,"1536x1536":false,"2048x2048":false,"jnews-360x180":false,"jnews-750x375":false,"jnews-1140x570":false,"jnews-120x86":false,"jnews-350x250":false,"jnews-750x536":false,"jnews-1140x815":false,"jnews-360x504":false,"jnews-75x75":false,"jnews-350x350":false,"jnews-featured-750":false,"jnews-featured-1140":false},"uagb_author_info":{"display_name":"admin","author_link":"https:\/\/atplink.com\/blog\/author\/admin\/"},"uagb_comment_info":0,"uagb_excerpt":"T\u1ed4NG H\u1ee2P S\u1ea2N PH\u1ea8M Simple Shopee C\u00f4ng c\u1ee5 th\u1ed1ng k\u00ea doanh thu, ph\u00e2n t\u00edch t\u1eeb kho\u00e1, ph\u00e2n t\u00edch shop b\u1ea5t k\u1ef3 tr\u00ean Shopee Xem chi ti\u1ebft Simple Page\u200b C\u00f4ng c\u1ee5 h\u1ed7 tr\u1ee3 thi\u1ebft k\u1ebf Landing Page k\u00e9o th\u1ea3\u200b Xem chi ti\u1ebft SimpleFB Pro\u200b Ph\u1ea7n m\u1ec1m h\u1ed7 tr\u1ee3 k\u1ebft b\u1ea1n kh\u00e1ch h\u00e0ng ti\u1ec1m n\u0103ng, nu\u00f4i nick&hellip;","_links":{"self":[{"href":"https:\/\/atplink.com\/blog\/wp-json\/wp\/v2\/pages\/5261"}],"collection":[{"href":"https:\/\/atplink.com\/blog\/wp-json\/wp\/v2\/pages"}],"about":[{"href":"https:\/\/atplink.com\/blog\/wp-json\/wp\/v2\/types\/page"}],"author":[{"embeddable":true,"href":"https:\/\/atplink.com\/blog\/wp-json\/wp\/v2\/users\/1"}],"replies":[{"embeddable":true,"href":"https:\/\/atplink.com\/blog\/wp-json\/wp\/v2\/comments?post=5261"}],"version-history":[{"count":5,"href":"https:\/\/atplink.com\/blog\/wp-json\/wp\/v2\/pages\/5261\/revisions"}],"predecessor-version":[{"id":5629,"href":"https:\/\/atplink.com\/blog\/wp-json\/wp\/v2\/pages\/5261\/revisions\/5629"}],"wp:attachment":[{"href":"https:\/\/atplink.com\/blog\/wp-json\/wp\/v2\/media?parent=5261"}],"curies":[{"name":"wp","href":"https:\/\/api.w.org\/{rel}","templated":true}]}}